{"id":1106,"date":"2024-12-17T15:40:44","date_gmt":"2024-12-17T15:40:44","guid":{"rendered":"http:\/\/gteau.net\/?page_id=1106"},"modified":"2025-01-08T16:38:47","modified_gmt":"2025-01-08T16:38:47","slug":"projets-2","status":"publish","type":"page","link":"http:\/\/gteau.net\/?page_id=1106","title":{"rendered":"Projets en cours"},"content":{"rendered":"\n<p><\/p>\n\n\n\n<p><\/p>\n\n\n\n<p><\/p>\n\n\n\n<p><\/p>\n\n\n\n<p><\/p>\n\n\n\n<div class=\"wp-block-group is-layout-constrained wp-block-group-is-layout-constrained\"><div class=\"wp-block-group__inner-container\">\n<div class=\"wp-block-columns is-layout-flex wp-container-6 wp-block-columns-is-layout-flex\">\n<div class=\"wp-block-column is-layout-flow wp-block-column-is-layout-flow\" style=\"flex-basis:100%\">\n<div class=\"wp-block-group is-layout-constrained wp-block-group-is-layout-constrained\"><div class=\"wp-block-group__inner-container\">\n<div class=\"wp-block-columns is-layout-flex wp-container-3 wp-block-columns-is-layout-flex\">\n<div class=\"wp-block-column is-layout-flow wp-block-column-is-layout-flow\">\n<div class=\"wp-block-media-text is-stacked-on-mobile\"><figure class=\"wp-block-media-text__media\"><\/figure><div class=\"wp-block-media-text__content\">\n<p>Programme de recherche scientifique sur la <strong>Gouvernance des Territoires de l\u2019Eau <\/strong><a href=\"http:\/\/gteau.net\/?page_id=1744\"><strong><em>En savoir plus<\/em><\/strong><\/a><\/p>\n<\/div><\/div>\n<\/div>\n\n\n\n<div class=\"wp-block-column is-layout-flow wp-block-column-is-layout-flow\">\n<div class=\"wp-block-media-text is-stacked-on-mobile\"><figure class=\"wp-block-media-text__media\"><\/figure><div class=\"wp-block-media-text__content\">\n<p>Bonne Gouvernance et participation citoyenne dans la commune de Richard Toll<\/p>\n\n\n\n<p> <a href=\"http:\/\/gteau.net\/?page_id=1747\"><strong><em>En savoir plus<\/em><\/strong><\/a><\/p>\n<\/div><\/div>\n<\/div>\n<\/div>\n<\/div><\/div>\n<\/div>\n<\/div>\n<\/div><\/div>\n\n\n\n<div class=\"wp-block-group is-layout-constrained wp-block-group-is-layout-constrained\"><div class=\"wp-block-group__inner-container\">\n<div class=\"wp-block-columns is-layout-flex wp-container-10 wp-block-columns-is-layout-flex\">\n<div class=\"wp-block-column is-layout-flow wp-block-column-is-layout-flow\">\n<div class=\"wp-block-media-text is-stacked-on-mobile\"><figure class=\"wp-block-media-text__media\"><\/figure><div class=\"wp-block-media-text__content\">\n<p><strong> <\/strong>GOVMAC<strong> <\/strong>&#8211; pour une Gouvernance des Vuln\u00e9rabilit\u00e9s de la zone Marine et C\u00f4ti\u00e8re <\/p>\n\n\n\n<p><a href=\"http:\/\/gteau.net\/?page_id=1750\"><strong><em>En savoir plus<\/em><\/strong><\/a><\/p>\n<\/div><\/div>\n<\/div>\n\n\n\n<div class=\"wp-block-column is-layout-flow wp-block-column-is-layout-flow\">\n<div class=\"wp-block-media-text is-stacked-on-mobile\"><figure class=\"wp-block-media-text__media\"><\/figure><div class=\"wp-block-media-text__content\">\n<p>Gestion Int\u00e9gr\u00e9e des Ressources en Eau<\/p>\n\n\n\n<p><a href=\"http:\/\/gteau.net\/?page_id=1753\"><strong><em>En savoir plus<\/em><\/strong><\/a><\/p>\n<\/div><\/div>\n<\/div>\n<\/div>\n<\/div><\/div>\n\n\n\n<div class=\"wp-block-columns is-layout-flex wp-container-14 wp-block-columns-is-layout-flex\">\n<div class=\"wp-block-column is-layout-flow wp-block-column-is-layout-flow\">\n<div class=\"wp-block-media-text is-stacked-on-mobile\"><figure class=\"wp-block-media-text__media\"><\/figure><div class=\"wp-block-media-text__content\">\n<p>S\u00e9curit\u00e9 en eau des territoires de l\u2019eau strat\u00e9giques dans le sahel Financement<\/p>\n\n\n\n<p><a href=\"http:\/\/gteau.net\/?page_id=1756\"><strong><em>En savoir plus<\/em><\/strong><\/a><\/p>\n<\/div><\/div>\n<\/div>\n\n\n\n<div class=\"wp-block-column is-layout-flow wp-block-column-is-layout-flow\">\n<div class=\"wp-block-media-text is-stacked-on-mobile\"><figure class=\"wp-block-media-text__media\"><\/figure><div class=\"wp-block-media-text__content\">\n<p>FLEURIR _ Favoriser l&rsquo;Ecosyst\u00e8me Urbain, Environnemental, Economique et Social Int\u00e9gr\u00e9 de Rosso<\/p>\n\n\n\n<p><a href=\"http:\/\/gteau.net\/?page_id=1759\"><strong><em>En savoir plus<\/em><\/strong><\/a><\/p>\n<\/div><\/div>\n<\/div>\n<\/div>\n\n\n\n<div class=\"wp-block-columns is-layout-flex wp-container-17 wp-block-columns-is-layout-flex\">\n<div class=\"wp-block-column is-layout-flow wp-block-column-is-layout-flow\">\n<div class=\"wp-block-media-text is-stacked-on-mobile\"><figure class=\"wp-block-media-text__media\"><\/figure><div class=\"wp-block-media-text__content\">\n<p>Eau et Urbanit\u00e9<\/p>\n\n\n\n<p><a href=\"http:\/\/gteau.net\/?page_id=1762\"><strong><em>En savoir plus<\/em><\/strong><\/a><\/p>\n<\/div><\/div>\n<\/div>\n\n\n\n<div class=\"wp-block-column is-layout-flow wp-block-column-is-layout-flow\">\n<div class=\"wp-block-media-text is-stacked-on-mobile\"><figure class=\"wp-block-media-text__media\"><\/figure><div class=\"wp-block-media-text__content\">\n<p>Eau ET Biodiversit\u00e9<\/p>\n\n\n\n<p><a href=\"http:\/\/gteau.net\/?page_id=1765\"><strong><em>En savoir plus<\/em><\/strong><\/a><\/p>\n<\/div><\/div>\n<\/div>\n<\/div>\n\n\n\n<div class=\"wp-block-columns is-layout-flex wp-container-20 wp-block-columns-is-layout-flex\">\n<div class=\"wp-block-column is-layout-flow wp-block-column-is-layout-flow\">\n<div class=\"wp-block-media-text is-stacked-on-mobile\"><figure class=\"wp-block-media-text__media\"><\/figure><div class=\"wp-block-media-text__content\">\n<p>Urbanit\u00e9 et Biodiversit\u00e9<\/p>\n\n\n\n<p><a href=\"http:\/\/gteau.net\/?page_id=1769\"><strong><em>En savoir plus<\/em><\/strong><\/a><\/p>\n<\/div><\/div>\n<\/div>\n\n\n\n<div class=\"wp-block-column is-layout-flow wp-block-column-is-layout-flow\">\n<div class=\"wp-block-media-text is-stacked-on-mobile\"><figure class=\"wp-block-media-text__media\"><\/figure><div class=\"wp-block-media-text__content\">\n<p>GERHYD-Gestion des Ressources Hydriques<\/p>\n\n\n\n<p><a href=\"http:\/\/gteau.net\/?page_id=1772\"><strong><em>En savoir plus<\/em><\/strong><\/a><strong> <\/strong><\/p>\n<\/div><\/div>\n<\/div>\n<\/div>\n\n\n\n<div class=\"wp-block-columns is-layout-flex wp-container-23 wp-block-columns-is-layout-flex\">\n<div class=\"wp-block-column is-layout-flow wp-block-column-is-layout-flow\">\n<div class=\"wp-block-media-text is-stacked-on-mobile\"><figure class=\"wp-block-media-text__media\"><\/figure><div class=\"wp-block-media-text__content\">\n<p>Hydrologie sociale culture d&rsquo;eau et innovation sociale dans la gestion de l&rsquo;eau<\/p>\n\n\n\n<p><a href=\"http:\/\/gteau.net\/?page_id=1775\"><strong><em>En savoir plus<\/em><\/strong><\/a><\/p>\n<\/div><\/div>\n<\/div>\n\n\n\n<div class=\"wp-block-column is-layout-flow wp-block-column-is-layout-flow\"><\/div>\n<\/div>\n","protected":false},"excerpt":{"rendered":"<p>Programme de recherche scientifique sur la Gouvernance des Territoires de l\u2019Eau En savoir plus Bonne Gouvernance et participation citoyenne dans la commune de Richard Toll En savoir plus GOVMAC &#8211; pour une Gouvernance des Vuln\u00e9rabilit\u00e9s de la zone Marine et C\u00f4ti\u00e8re En savoir plus Gestion Int\u00e9gr\u00e9e des Ressources en Eau En savoir plus S\u00e9curit\u00e9 en [&hellip;]<\/p>\n","protected":false},"author":2,"featured_media":0,"parent":0,"menu_order":0,"comment_status":"closed","ping_status":"closed","template":"","meta":{"footnotes":""},"_links":{"self":[{"href":"http:\/\/gteau.net\/index.php?rest_route=\/wp\/v2\/pages\/1106"}],"collection":[{"href":"http:\/\/gteau.net\/index.php?rest_route=\/wp\/v2\/pages"}],"about":[{"href":"http:\/\/gteau.net\/index.php?rest_route=\/wp\/v2\/types\/page"}],"author":[{"embeddable":true,"href":"http:\/\/gteau.net\/index.php?rest_route=\/wp\/v2\/users\/2"}],"replies":[{"embeddable":true,"href":"http:\/\/gteau.net\/index.php?rest_route=%2Fwp%2Fv2%2Fcomments&post=1106"}],"version-history":[{"count":28,"href":"http:\/\/gteau.net\/index.php?rest_route=\/wp\/v2\/pages\/1106\/revisions"}],"predecessor-version":[{"id":2307,"href":"http:\/\/gteau.net\/index.php?rest_route=\/wp\/v2\/pages\/1106\/revisions\/2307"}],"wp:attachment":[{"href":"http:\/\/gteau.net\/index.php?rest_route=%2Fwp%2Fv2%2Fmedia&parent=1106"}],"curies":[{"name":"wp","href":"https:\/\/api.w.org\/{rel}","templated":true}]}}