{"id":1136,"date":"2024-12-18T10:35:19","date_gmt":"2024-12-18T10:35:19","guid":{"rendered":"http:\/\/gteau.net\/?page_id=1136"},"modified":"2024-12-19T16:00:20","modified_gmt":"2024-12-19T16:00:20","slug":"1136-2","status":"publish","type":"page","link":"http:\/\/gteau.net\/?page_id=1136","title":{"rendered":"Scientifiques"},"content":{"rendered":"\n<p>La Gouvernance des Territoires de l\u2019Eau (GTE), un programme scientifique pris en charge par l\u2019\u00e9quipe de recherche d\u00e9nomm\u00e9 le \u00ab P\u00f4le Eau \u00bb selon diff\u00e9rents projets&nbsp;:<\/p>\n\n\n\n<div class=\"wp-block-columns is-layout-flex wp-container-8 wp-block-columns-is-layout-flex\">\n<div class=\"wp-block-column is-layout-flow wp-block-column-is-layout-flow\"><a class=\"wp-block-read-more\" href=\"http:\/\/gteau.net\/?page_id=1136\" target=\"_self\"><a href=\"http:\/\/gteau.net\/?page_id=1106\"><strong>Projets en cours<\/strong><\/a><span class=\"screen-reader-text\">\u00a0: Scientifiques<\/span><\/a><\/div>\n\n\n\n<div class=\"wp-block-column is-vertically-aligned-top is-layout-flow wp-block-column-is-layout-flow\">\n<div class=\"wp-block-group is-layout-constrained wp-block-group-is-layout-constrained\"><div class=\"wp-block-group__inner-container\">\n<div class=\"wp-block-columns is-layout-flex wp-container-4 wp-block-columns-is-layout-flex\">\n<div class=\"wp-block-column is-layout-flow wp-block-column-is-layout-flow\" style=\"flex-basis:100%\">\n<div class=\"wp-block-group is-layout-constrained wp-block-group-is-layout-constrained\"><div class=\"wp-block-group__inner-container\"><a class=\"wp-block-read-more\" href=\"http:\/\/gteau.net\/?page_id=1136\" target=\"_self\"><a href=\"http:\/\/gteau.net\/?page_id=1151\"><strong><em>Projets r\u00e9alis\u00e9s<\/em><\/strong><\/a><span class=\"screen-reader-text\">\u00a0: Scientifiques<\/span><\/a><\/div><\/div>\n<\/div>\n<\/div>\n<\/div><\/div>\n<\/div>\n\n\n\n<div class=\"wp-block-column is-layout-flow wp-block-column-is-layout-flow\"><a class=\"wp-block-read-more\" href=\"http:\/\/gteau.net\/?page_id=1136\" target=\"_self\"><a href=\"http:\/\/gteau.net\/?page_id=1164\"><strong><em>Projets \u00e0 venir<\/em><\/strong><\/a><span class=\"screen-reader-text\">\u00a0: Scientifiques<\/span><\/a><\/div>\n<\/div>\n","protected":false},"excerpt":{"rendered":"<p>La Gouvernance des Territoires de l\u2019Eau (GTE), un programme scientifique pris en charge par l\u2019\u00e9quipe de recherche d\u00e9nomm\u00e9 le \u00ab P\u00f4le Eau \u00bb selon diff\u00e9rents projets&nbsp;:<\/p>\n","protected":false},"author":2,"featured_media":0,"parent":0,"menu_order":0,"comment_status":"closed","ping_status":"closed","template":"","meta":{"footnotes":""},"_links":{"self":[{"href":"http:\/\/gteau.net\/index.php?rest_route=\/wp\/v2\/pages\/1136"}],"collection":[{"href":"http:\/\/gteau.net\/index.php?rest_route=\/wp\/v2\/pages"}],"about":[{"href":"http:\/\/gteau.net\/index.php?rest_route=\/wp\/v2\/types\/page"}],"author":[{"embeddable":true,"href":"http:\/\/gteau.net\/index.php?rest_route=\/wp\/v2\/users\/2"}],"replies":[{"embeddable":true,"href":"http:\/\/gteau.net\/index.php?rest_route=%2Fwp%2Fv2%2Fcomments&post=1136"}],"version-history":[{"count":13,"href":"http:\/\/gteau.net\/index.php?rest_route=\/wp\/v2\/pages\/1136\/revisions"}],"predecessor-version":[{"id":1167,"href":"http:\/\/gteau.net\/index.php?rest_route=\/wp\/v2\/pages\/1136\/revisions\/1167"}],"wp:attachment":[{"href":"http:\/\/gteau.net\/index.php?rest_route=%2Fwp%2Fv2%2Fmedia&parent=1136"}],"curies":[{"name":"wp","href":"https:\/\/api.w.org\/{rel}","templated":true}]}}