{"id":1151,"date":"2024-12-18T11:22:23","date_gmt":"2024-12-18T11:22:23","guid":{"rendered":"http:\/\/gteau.net\/?page_id=1151"},"modified":"2025-01-07T09:17:29","modified_gmt":"2025-01-07T09:17:29","slug":"1151-2","status":"publish","type":"page","link":"http:\/\/gteau.net\/?page_id=1151","title":{"rendered":"Projets r\u00e9alis\u00e9s"},"content":{"rendered":"\n<div class=\"wp-block-columns is-layout-flex wp-container-3 wp-block-columns-is-layout-flex\">\n<div class=\"wp-block-column is-layout-flow wp-block-column-is-layout-flow\">\n<div class=\"wp-block-media-text is-stacked-on-mobile\"><figure class=\"wp-block-media-text__media\"><\/figure><div class=\"wp-block-media-text__content\">\n<p>MITIMAC &#8211; Mitigaci\u00f3n del cambio clim\u00e1tico a trav\u00e9s de la innovaci\u00f3n en el ciclo del agua mediante tecnolog\u00edas bajas en carbono<\/p>\n\n\n\n<p><a href=\"http:\/\/gteau.net\/?page_id=1779\"><strong><em>En savoir plus<\/em><\/strong><\/a><\/p>\n<\/div><\/div>\n<\/div>\n\n\n\n<div class=\"wp-block-column is-layout-flow wp-block-column-is-layout-flow\">\n<div class=\"wp-block-media-text is-stacked-on-mobile\"><figure class=\"wp-block-media-text__media\"><\/figure><div class=\"wp-block-media-text__content\">\n<p class=\"has-text-align-left\">Analyse situationnelle de la schistosomiase humaine dans le Bassin du Fleuve S\u00e9n\u00e9gal en vue de l\u2019\u00e9laboration des m\u00e9thodes de lutte multisectorielles et int\u00e9gr\u00e9es pour le contr\u00f4le de la maladie<\/p>\n\n\n\n<p><a href=\"http:\/\/gteau.net\/?page_id=1782\"><strong><em>En savoir plus<\/em><\/strong><\/a><\/p>\n<\/div><\/div>\n<\/div>\n<\/div>\n\n\n\n<div class=\"wp-block-columns is-layout-flex wp-container-6 wp-block-columns-is-layout-flex\">\n<div class=\"wp-block-column is-layout-flow wp-block-column-is-layout-flow\">\n<div class=\"wp-block-media-text is-stacked-on-mobile\"><figure class=\"wp-block-media-text__media\"><\/figure><div class=\"wp-block-media-text__content\">\n<p>\u00ab&nbsp;MOd\u00e9lisation Math\u00e9matique et Informatique de l\u2019\u00e9co\u00e9pid\u00e9miologie de la FAsciolose pour le contr\u00f4le de la maladie et la gestion des risques de transmission dans le Delta et la Basse Vall\u00e9e du fleuve S\u00e9n\u00e9gal \u00bb<\/p>\n\n\n\n<p><a href=\"http:\/\/gteau.net\/?page_id=1785\"><strong><em>En savoir plus<\/em><\/strong><\/a><\/p>\n<\/div><\/div>\n<\/div>\n\n\n\n<div class=\"wp-block-column is-layout-flow wp-block-column-is-layout-flow\">\n<div class=\"wp-block-media-text is-stacked-on-mobile\"><figure class=\"wp-block-media-text__media\"><\/figure><div class=\"wp-block-media-text__content\">\n<p>D\u00e9veloppement et mise en \u0153uvre d\u2019un plan de formation certifiant les experts du syst\u00e8me OMVS et des Etats membres sur la prise en charge des changements climatiques dans les politiques et les strat\u00e9gies nationales et r\u00e9gionales de gestion de l\u2019eau et des zones humides<\/p>\n\n\n\n<p><a href=\"http:\/\/gteau.net\/?page_id=1788\"><strong><em>En savoir plus<\/em><\/strong><\/a><\/p>\n<\/div><\/div>\n<\/div>\n<\/div>\n\n\n\n<div class=\"wp-block-columns is-layout-flex wp-container-9 wp-block-columns-is-layout-flex\">\n<div class=\"wp-block-column is-layout-flow wp-block-column-is-layout-flow\">\n<div class=\"wp-block-media-text is-stacked-on-mobile\"><figure class=\"wp-block-media-text__media\"><\/figure><div class=\"wp-block-media-text__content\">\n<p>\u2013 Technologies naturelles pour le traitement et la r\u00e9utilisation des eaux us\u00e9es dans les zones rurales et p\u00e9riurbaines du S\u00e9n\u00e9gal \u00bb<\/p>\n\n\n\n<p><a href=\"http:\/\/gteau.net\/?page_id=1791\"><strong><em>En savoir plus<\/em><\/strong><\/a><\/p>\n<\/div><\/div>\n<\/div>\n\n\n\n<div class=\"wp-block-column is-layout-flow wp-block-column-is-layout-flow\">\n<div class=\"wp-block-media-text is-stacked-on-mobile\"><figure class=\"wp-block-media-text__media\"><\/figure><div class=\"wp-block-media-text__content\">\n<p>2016-2019 GERHYD \u00ab\u00a0Contribution \u00e0 la Gestion Durable des Ressources Hydriques de Saint Louis<\/p>\n\n\n\n<p><a href=\"http:\/\/gteau.net\/?page_id=1794\"><strong><em>En savoir plus<\/em><\/strong><\/a><\/p>\n<\/div><\/div>\n<\/div>\n<\/div>\n\n\n\n<div class=\"wp-block-columns is-layout-flex wp-container-12 wp-block-columns-is-layout-flex\">\n<div class=\"wp-block-column is-layout-flow wp-block-column-is-layout-flow\">\n<div class=\"wp-block-media-text is-stacked-on-mobile\"><figure class=\"wp-block-media-text__media\"><\/figure><div class=\"wp-block-media-text__content\">\n<p>2018 \u2013 2019 \u2013 GERHYD \u00ab\u00a0Contribution \u00e0 la gestion durable des ressources hydriques de Saint Louis<\/p>\n\n\n\n<p><a href=\"http:\/\/gteau.net\/?page_id=1797\"><strong><em>En savoir plus<\/em><\/strong><\/a><\/p>\n<\/div><\/div>\n<\/div>\n\n\n\n<div class=\"wp-block-column is-layout-flow wp-block-column-is-layout-flow\">\n<div class=\"wp-block-media-text is-stacked-on-mobile\"><figure class=\"wp-block-media-text__media\"><\/figure><div class=\"wp-block-media-text__content\">\n<p>2016 &#8211; 2017 \u2013 GERHYD &#8211; Contribution \u00e0 la Gestion Durable des Ressources Hydriques de Saint Louis<\/p>\n\n\n\n<p><a href=\"http:\/\/gteau.net\/?page_id=1800\"><strong><em>En savoir plus<\/em><\/strong><\/a><\/p>\n<\/div><\/div>\n<\/div>\n<\/div>\n\n\n\n<div class=\"wp-block-columns is-layout-flex wp-container-15 wp-block-columns-is-layout-flex\">\n<div class=\"wp-block-column is-layout-flow wp-block-column-is-layout-flow\">\n<div class=\"wp-block-media-text is-stacked-on-mobile\"><figure class=\"wp-block-media-text__media\"><\/figure><div class=\"wp-block-media-text__content\">\n<p>Projet Saint Louis, ville durable. Programme (volet gestion des connaissances &#8211; Stormwater Management and Climate Change Adaptation Project. volet gestion des connaissances<\/p>\n\n\n\n<p><a href=\"http:\/\/gteau.net\/?page_id=1803\"><strong><em>En savoir plus<\/em><\/strong><\/a><\/p>\n<\/div><\/div>\n<\/div>\n\n\n\n<div class=\"wp-block-column is-layout-flow wp-block-column-is-layout-flow\">\n<div class=\"wp-block-media-text is-stacked-on-mobile\"><figure class=\"wp-block-media-text__media\"><\/figure><div class=\"wp-block-media-text__content\">\n<p>Peri-Peri D\u00e9veloppement des capacit\u00e9s r\u00e9gionales de r\u00e9duction des risques de catastrophes et des vuln\u00e9rabilit\u00e9s en Afrique. Programme international (Alg\u00e9rie, Ethiopie, Ouganda, Kenya, Tanzanie, Madagascar, Mozambique, Afrique du sud, Ghana, S\u00e9n\u00e9gal)<\/p>\n\n\n\n<p><a href=\"http:\/\/gteau.net\/?page_id=1806\"><strong><em>En savoir plus<\/em><\/strong><\/a><\/p>\n<\/div><\/div>\n<\/div>\n<\/div>\n\n\n\n<div class=\"wp-block-columns is-layout-flex wp-container-18 wp-block-columns-is-layout-flex\">\n<div class=\"wp-block-column is-layout-flow wp-block-column-is-layout-flow\">\n<div class=\"wp-block-media-text is-stacked-on-mobile\"><figure class=\"wp-block-media-text__media\"><\/figure><div class=\"wp-block-media-text__content\">\n<p>Oceanidas\u2014red para la gobernanza y la gesti\u00f3nsostenible de los recursosh\u00eddricosen el \u00e1frica continental e insularsemi\u00e1rida S\u00e9n\u00e9gal, Gran Canaria Cabo Verde<\/p>\n\n\n\n<p><a href=\"http:\/\/gteau.net\/?page_id=1809\"><strong><em>En savoir plus<\/em><\/strong><\/a><\/p>\n<\/div><\/div>\n<\/div>\n\n\n\n<div class=\"wp-block-column is-layout-flow wp-block-column-is-layout-flow\">\n<div class=\"wp-block-media-text is-stacked-on-mobile\"><figure class=\"wp-block-media-text__media\"><\/figure><div class=\"wp-block-media-text__content\">\n<p>Projet CLUVA \u00ab\u00a0CLimate change and Urban Vulnerability in Africa\u00a0\u00bb. Programme international (Afrique du Sud, S\u00e9n\u00e9gal, Burkina Faso, Tanzanie, Ethiopie, Cameroun, Italie, Allemagne, Danemark, Norv\u00e8ge, Royaume Uni)<\/p>\n\n\n\n<p><a href=\"http:\/\/gteau.net\/?page_id=1812\"><strong><em>En savoir plus<\/em><\/strong><\/a><\/p>\n<\/div><\/div>\n<\/div>\n<\/div>\n\n\n\n<div class=\"wp-block-columns is-layout-flex wp-container-21 wp-block-columns-is-layout-flex\">\n<div class=\"wp-block-column is-layout-flow wp-block-column-is-layout-flow\">\n<div class=\"wp-block-media-text is-stacked-on-mobile\"><figure class=\"wp-block-media-text__media\"><\/figure><div class=\"wp-block-media-text__content\">\n<p>Projet Mira Recherche. Transformations actuelles du bas delta du fleuve S\u00e9n\u00e9gal Universit\u00e9 Joseph Fourier &amp;Universit\u00e9 Gaston Berger<\/p>\n\n\n\n<p><a href=\"http:\/\/gteau.net\/?page_id=1815\"><strong><em>En savoir plus<\/em><\/strong><\/a><\/p>\n<\/div><\/div>\n<\/div>\n\n\n\n<div class=\"wp-block-column is-layout-flow wp-block-column-is-layout-flow\">\n<div class=\"wp-block-media-text is-stacked-on-mobile\"><figure class=\"wp-block-media-text__media\"><\/figure><div class=\"wp-block-media-text__content\">\n<p>Diagnostic et suivi pour un d\u00e9veloppement durable de zones humides en domaine sah\u00e9lien (Mauritanie et S\u00e9n\u00e9gal) par t\u00e9l\u00e9d\u00e9tection radar et multi spectrale. Lieu :\u00a0 Bas delta du S\u00e9n\u00e9gal Action de recherche en R\u00e9seau.<\/p>\n\n\n\n<p><a href=\"http:\/\/gteau.net\/?page_id=1818\"><strong><em>En savoir plus<\/em><\/strong><\/a><\/p>\n<\/div><\/div>\n<\/div>\n<\/div>\n","protected":false},"excerpt":{"rendered":"<p>MITIMAC &#8211; Mitigaci\u00f3n del cambio clim\u00e1tico a trav\u00e9s de la innovaci\u00f3n en el ciclo del agua mediante tecnolog\u00edas bajas en carbono En savoir plus Analyse situationnelle de la schistosomiase humaine dans le Bassin du Fleuve S\u00e9n\u00e9gal en vue de l\u2019\u00e9laboration des m\u00e9thodes de lutte multisectorielles et int\u00e9gr\u00e9es pour le contr\u00f4le de la maladie En savoir [&hellip;]<\/p>\n","protected":false},"author":2,"featured_media":0,"parent":0,"menu_order":0,"comment_status":"closed","ping_status":"closed","template":"","meta":{"footnotes":""},"_links":{"self":[{"href":"http:\/\/gteau.net\/index.php?rest_route=\/wp\/v2\/pages\/1151"}],"collection":[{"href":"http:\/\/gteau.net\/index.php?rest_route=\/wp\/v2\/pages"}],"about":[{"href":"http:\/\/gteau.net\/index.php?rest_route=\/wp\/v2\/types\/page"}],"author":[{"embeddable":true,"href":"http:\/\/gteau.net\/index.php?rest_route=\/wp\/v2\/users\/2"}],"replies":[{"embeddable":true,"href":"http:\/\/gteau.net\/index.php?rest_route=%2Fwp%2Fv2%2Fcomments&post=1151"}],"version-history":[{"count":18,"href":"http:\/\/gteau.net\/index.php?rest_route=\/wp\/v2\/pages\/1151\/revisions"}],"predecessor-version":[{"id":1820,"href":"http:\/\/gteau.net\/index.php?rest_route=\/wp\/v2\/pages\/1151\/revisions\/1820"}],"wp:attachment":[{"href":"http:\/\/gteau.net\/index.php?rest_route=%2Fwp%2Fv2%2Fmedia&parent=1151"}],"curies":[{"name":"wp","href":"https:\/\/api.w.org\/{rel}","templated":true}]}}