{"id":716,"date":"2023-10-10T12:36:49","date_gmt":"2023-10-10T10:36:49","guid":{"rendered":"http:\/\/gteau.net\/?page_id=716"},"modified":"2023-10-10T14:32:15","modified_gmt":"2023-10-10T12:32:15","slug":"solutions","status":"publish","type":"page","link":"http:\/\/gteau.net\/?page_id=716","title":{"rendered":"SOLUTIONS"},"content":{"rendered":"\n<h2 class=\"wp-block-heading\">Instruments<\/h2>\n\n\n\n<h3 class=\"wp-block-heading\">SIGNAR<\/h3>\n\n\n\n<p>Syst\u00e8me d\u2019information de gestion et d\u2019assistance au risque (SIGNAR) devra instituer une plateforme interactive de recherche pour aider la collectivit\u00e9 urbaine \u00e0 asseoir une politique de gestion multirisque et de d\u00e9veloppement urbain durable. La plateforme comportera trois aspects (physique, technique et conceptuel). La plateforme physique est un lieu (local am\u00e9nag\u00e9) \u00e9quip\u00e9 d\u2019ordinateurs reli\u00e9s aux serveurs de l\u2019Universit\u00e9 et plus tard \u00e0 d\u2019autres projets. La plateforme abrite des chercheurs de diff\u00e9rentes \u00e9quipes notamment des doctorants. Les chercheurs s\u00e9niors s\u2019y regroupent pour discuter et \u00e9changer.<\/p>\n\n\n\n<p>La plateforme technique se r\u00e9f\u00e8re au fonctionnement global de la plateforme physique et \u00e0 son organisation. La plateforme conceptuelle est constitu\u00e9e d\u2019une partie logicielle, d\u2019une partie de donn\u00e9es, d\u2019une partie mod\u00e8les et d\u2019une partie outils. La plateforme (i) privil\u00e9giera le partage des donn\u00e9es et (ii) poussera \u00e0 une compr\u00e9hension commune des probl\u00e9matiques d\u00e9j\u00e0 accept\u00e9es \u00e0 travers les \u00ab&nbsp;dialogues politiques&nbsp;\u00bb. Elle se veut \u00eatre une base de donn\u00e9es des risques (alertes, pr\u00e9vention\u2026).<\/p>\n\n\n\n<p>Le dispositif de recherche sera organis\u00e9 autour d\u2019une dizaine d\u2019\u00e9quipes pluridisciplinaires compos\u00e9es de math\u00e9maticiens, d\u2019informaticiens, d\u2019urbanistes, d\u2019environnementalistes, de climatologues, d\u2019hydrologues, de g\u00e9omorphologues etc. mais aussi autour d\u2019\u00e9quipe de maitrise d\u2019\u0153uvre urbaine.<\/p>\n\n\n\n<p>Les interactions entre les \u00e9quipes sont organis\u00e9es par la plateforme conceptuelle qui d\u00e9finit, en fonction des t\u00e2ches, les champs d\u2019intervention de chaque \u00e9quipe.<\/p>\n\n\n\n<p>Les champs d\u2019intervention se fondent sur (i) l\u2019analyse des paysages du S2E (Syst\u00e8me socio\u00e9conomique et Ecologique) qui ici, combine des aspects urbains, des syst\u00e8mes \u00e9cologiques et ruraux, (ii) l\u2019\u00e9tude de la vuln\u00e9rabilit\u00e9 se fonde sur les \u00e9l\u00e9ments qu\u2019offrent les paysages (humain, soci\u00e9tal, anthropique, \u00e9conomique,\u2026), (iii) l\u2019\u00e9tude des al\u00e9as se base sur une connaissance des ph\u00e9nom\u00e8nes hydro climatiques et de leur fonctionnement.<\/p>\n\n\n\n<p>La recherche devra intervenir sur les m\u00e9canismes, leurs r\u00e9currences afin de d\u00e9finir les lois qui guident la survenance des risques \u00e0 Saint-Louis.<\/p>\n\n\n\n<h3 class=\"wp-block-heading\">Mod\u00e8le<\/h3>\n\n\n\n<h3 class=\"wp-block-heading\">Indicateurs<\/h3>\n\n\n\n<h3 class=\"wp-block-heading\">Bases de donn\u00e9es<\/h3>\n\n\n\n<h3 class=\"wp-block-heading\">Dialogue politique<\/h3>\n\n\n\n<p>Le dialogue politique repr\u00e9sente un mod\u00e8le d\u2019approche qui met les m\u00e9nages au c\u0153ur du processus.<\/p>\n\n\n\n<p>Il est question (i) de faire rencontrer les exp\u00e9riences du risque, (ii) d\u2019\u00e9changer des solutions et innovations entreprises par les collectivit\u00e9s locales et les m\u00e9nages.Le mod\u00e8le d\u2019approche permet de toucher l\u2019entit\u00e9 la plus fine de la vuln\u00e9rabilit\u00e9, celle qui vit et poss\u00e8de l\u2019exp\u00e9rience des \u00e9v\u00e9nements. Il permet de mesurer et de syst\u00e9matiser les \u00e9l\u00e9ments de la vuln\u00e9rabilit\u00e9 (causes et cons\u00e9quences) en vue de mobiliser les r\u00e9seaux sociaux dans la gestion des cirses et de consolider les dynamiques communautaires du voisinage et de la parent\u00e9.Il permet d\u2019optimiser les solutions et notamment de relever par la mise \u00e0 disposition d\u2019une information de qualit\u00e9.Il permet une m\u00e9diation des connaissances de qualit\u00e9 car les chercheurs peuvent transf\u00e9rer un savoir et recueillir simultan\u00e9ment des donn\u00e9es.<\/p>\n\n\n\n<p>Le r\u00e9sultat attendu est (i) un rel\u00e8vement de niveau (retour d\u2019exp\u00e9riences) des responsables locaux en mati\u00e8re de gestion des risques, (ii) un inventaire de solutions, d\u2019approches, de m\u00e9thodes issues des collectivit\u00e9s locales, (iii) une mobilisation des populations sinistr\u00e9es.<\/p>\n\n\n\n<p>Le dialogue permet \u00e9galement de construire une vision et des sc\u00e9narios partag\u00e9s avec les communaut\u00e9s par une analyse causale des risques. Elle est exp\u00e9riment\u00e9e \u00e0 Saint-Louis \u00e0 travers l\u2019approche du \u00abdialogue politique\u00bb utilis\u00e9e pour renseigner le logiciel T21 appliqu\u00e9 dans CLUVA pour l\u2019analyse causale des \u00e9v\u00e9nements de risques. L\u2019utilisation des cin\u00e9tiques graphiques dans cette approche, permet de structurer et de&nbsp; syst\u00e9matiser les cons\u00e9quences et les d\u00e9fauts des \u00e9v\u00e8nements.<\/p>\n\n\n\n<p>Il permet aussi de valider les connaissances de la recherche au niveau des communaut\u00e9s et m\u00e9nages qui vivent les ph\u00e9nom\u00e8nes. Cela permet par la m\u00eame occasion de confronter les savoirs des scientifiques aux savoirs locaux pour construire un langage commun sur les risques.<\/p>\n\n\n\n<h3 class=\"wp-block-heading\">UMT<\/h3>\n\n\n\n<p>Les UMT ont \u00e9t\u00e9 d\u00e9velopp\u00e9es dans le cadre du d\u00e9roulement du Task2.2 du Programme de Recherche CLUVA.UMT est un sigle anglais qui signifie UnityMorphological Type ou Type d\u2019unit\u00e9 morphologique en fran\u00e7ais. Une UMT est une unit\u00e9 d\u2019occupation du sol qui se distingue \u00e0 travers un paysage de par leur structure observable directement \u00e0 partir d\u2019une image satellite ou d\u2019une photographie a\u00e9rienne mais aussi de par leur nature intrins\u00e8que ou leur fonction. Le principe repose sur une \u00e9chelle minimale (1ha) et des crit\u00e8res d\u2019identification que sont au niveau de Saint-Louis&nbsp;:<\/p>\n\n\n\n<ul>\n<li>Structure&nbsp; et morphologie spatiale du b\u00e2ti<\/li>\n\n\n\n<li>Type de v\u00e9g\u00e9tation<\/li>\n\n\n\n<li>L\u2019hydrologie<\/li>\n\n\n\n<li>Fonctions<\/li>\n<\/ul>\n\n\n\n<p>La m\u00e9thodologie repose sur un travail en plusieurs \u00e9tapes&nbsp;:<\/p>\n\n\n\n<ul>\n<li>Identification et constitution de la nomenclature des classes majeures et des sous unit\u00e9s<\/li>\n\n\n\n<li>Digitalisation des unit\u00e9s pr\u00e9alablement d\u00e9finies<\/li>\n\n\n\n<li>Cartographie, traitement et analyse statistique<\/li>\n\n\n\n<li>V\u00e9rification et validation<\/li>\n<\/ul>\n\n\n\n<p>Elle requiert ainsi une maitrise des bases cartographiques, la connaissance du terrain et de quelques notions statistiques.<\/p>\n","protected":false},"excerpt":{"rendered":"<p>Instruments SIGNAR Syst\u00e8me d\u2019information de gestion et d\u2019assistance au risque (SIGNAR) devra instituer une plateforme interactive de recherche pour aider la collectivit\u00e9 urbaine \u00e0 asseoir une politique de gestion multirisque et de d\u00e9veloppement urbain durable. La plateforme comportera trois aspects (physique, technique et conceptuel). La plateforme physique est un lieu (local am\u00e9nag\u00e9) \u00e9quip\u00e9 d\u2019ordinateurs reli\u00e9s [&hellip;]<\/p>\n","protected":false},"author":1,"featured_media":0,"parent":0,"menu_order":0,"comment_status":"closed","ping_status":"closed","template":"","meta":{"footnotes":""},"_links":{"self":[{"href":"http:\/\/gteau.net\/index.php?rest_route=\/wp\/v2\/pages\/716"}],"collection":[{"href":"http:\/\/gteau.net\/index.php?rest_route=\/wp\/v2\/pages"}],"about":[{"href":"http:\/\/gteau.net\/index.php?rest_route=\/wp\/v2\/types\/page"}],"author":[{"embeddable":true,"href":"http:\/\/gteau.net\/index.php?rest_route=\/wp\/v2\/users\/1"}],"replies":[{"embeddable":true,"href":"http:\/\/gteau.net\/index.php?rest_route=%2Fwp%2Fv2%2Fcomments&post=716"}],"version-history":[{"count":2,"href":"http:\/\/gteau.net\/index.php?rest_route=\/wp\/v2\/pages\/716\/revisions"}],"predecessor-version":[{"id":790,"href":"http:\/\/gteau.net\/index.php?rest_route=\/wp\/v2\/pages\/716\/revisions\/790"}],"wp:attachment":[{"href":"http:\/\/gteau.net\/index.php?rest_route=%2Fwp%2Fv2%2Fmedia&parent=716"}],"curies":[{"name":"wp","href":"https:\/\/api.w.org\/{rel}","templated":true}]}}